{"id":1751,"date":"2024-07-11T15:31:40","date_gmt":"2024-07-11T13:31:40","guid":{"rendered":"https:\/\/novi.adriafun.hr\/?post_type=product&#038;p=1751"},"modified":"2024-07-12T08:31:07","modified_gmt":"2024-07-12T06:31:07","slug":"barracuda-590-copy","status":"publish","type":"product","link":"https:\/\/adriafun.hr\/hr\/proizvod\/barracuda-590-copy\/","title":{"rendered":"Barracuda 530"},"content":{"rendered":"<table>\n<tbody>\n<tr>\n<td width=\"194\">Tip plovila:<\/td>\n<td width=\"194\">RIB<\/td>\n<\/tr>\n<tr>\n<td width=\"194\">Model:<\/td>\n<td width=\"194\">Barracuda 590<\/td>\n<\/tr>\n<tr>\n<td width=\"194\">Du\u017eina plovila:<\/td>\n<td width=\"194\">5,30 m<\/td>\n<\/tr>\n<tr>\n<td width=\"194\">Motor:<\/td>\n<td width=\"194\">Yamaha 150ks<\/td>\n<\/tr>\n<tr>\n<td width=\"194\">Najve\u0107a brzina:<\/td>\n<td width=\"194\">45Nm<\/td>\n<\/tr>\n<tr>\n<td width=\"194\">Putna brzina:<\/td>\n<td width=\"194\">20Nm<\/td>\n<\/tr>\n<tr>\n<td width=\"194\">Potro\u0161nja:<\/td>\n<td width=\"194\">5-15l\/h<\/td>\n<\/tr>\n<tr>\n<td>Spremnik goriva:<\/td>\n<td>90lit<\/td>\n<\/tr>\n<tr>\n<td>Spremnik vode:<\/td>\n<td>55lit<\/td>\n<\/tr>\n<tr>\n<td>Ljudi:<\/td>\n<td>1-5<\/td>\n<\/tr>\n<td>Godina proizvodnje:<\/td>\n<td>2022 godina<\/td>\n<\/tr>\n<\/tbody>\n<\/table>\n","protected":false},"excerpt":{"rendered":"<p>Gumenjak renomiranog hrvatskog proizvo\u0111a\u010da ima i novog predstavnika. Ovaj gumenjak, atraktivnog izgleda pru\u017ea osje\u0107aj ugodnosti te sigurnosti. Prostrana pram\u010dana\/ sun\u010dali\u0161ta&nbsp;platforma&nbsp;biti \u0107e omiljena ne samo me\u0111u odraslima ve\u0107 i djecom.<\/p>\n<p>Motor Yamaha od 150 ks, zasigurno te pru\u017eiti mogu\u0107nost istra\u017eivanja obli\u017enjih otoka i prekrasne obale.<\/p>\n<p>Od opreme treba napomenuti da plovilo ima&nbsp;GPS ploter (Simrad), radio sa bluetooth-om, el. Winch, veliku bimini tendu, tu\u0161, stepenice&nbsp;za lak\u0161i prilaz moru.<\/p>\n","protected":false},"featured_media":1949,"template":"","meta":{"_acf_changed":false},"product_brand":[],"product_cat":[37],"product_tag":[59],"class_list":{"0":"post-1751","1":"product","2":"type-product","3":"status-publish","4":"has-post-thumbnail","6":"product_cat-booking-hr","7":"product_tag-barracuda-530-hr","9":"first","10":"instock","11":"virtual","12":"taxable","13":"product-type-simple"},"acf":[],"gallery_images":[1946,1949,1952,1955,1958,1961,1964,1967],"_links":{"self":[{"href":"https:\/\/adriafun.hr\/hr\/wp-json\/wp\/v2\/product\/1751","targetHints":{"allow":["GET"]}}],"collection":[{"href":"https:\/\/adriafun.hr\/hr\/wp-json\/wp\/v2\/product"}],"about":[{"href":"https:\/\/adriafun.hr\/hr\/wp-json\/wp\/v2\/types\/product"}],"version-history":[{"count":2,"href":"https:\/\/adriafun.hr\/hr\/wp-json\/wp\/v2\/product\/1751\/revisions"}],"predecessor-version":[{"id":1877,"href":"https:\/\/adriafun.hr\/hr\/wp-json\/wp\/v2\/product\/1751\/revisions\/1877"}],"wp:featuredmedia":[{"embeddable":true,"href":"https:\/\/adriafun.hr\/hr\/wp-json\/wp\/v2\/media\/1949"}],"wp:attachment":[{"href":"https:\/\/adriafun.hr\/hr\/wp-json\/wp\/v2\/media?parent=1751"}],"wp:term":[{"taxonomy":"product_brand","embeddable":true,"href":"https:\/\/adriafun.hr\/hr\/wp-json\/wp\/v2\/product_brand?post=1751"},{"taxonomy":"product_cat","embeddable":true,"href":"https:\/\/adriafun.hr\/hr\/wp-json\/wp\/v2\/product_cat?post=1751"},{"taxonomy":"product_tag","embeddable":true,"href":"https:\/\/adriafun.hr\/hr\/wp-json\/wp\/v2\/product_tag?post=1751"}],"curies":[{"name":"wp","href":"https:\/\/api.w.org\/{rel}","templated":true}]}}