{"id":1073,"date":"2022-07-06T13:03:15","date_gmt":"2022-07-06T11:03:15","guid":{"rendered":"https:\/\/adriafun.hr\/product\/barracuda-590\/"},"modified":"2024-07-12T08:30:47","modified_gmt":"2024-07-12T06:30:47","slug":"barracuda-590","status":"publish","type":"product","link":"https:\/\/adriafun.hr\/hr\/proizvod\/barracuda-590\/","title":{"rendered":"Barracuda 590"},"content":{"rendered":"<p>Godina proizvodnje:2022 godina<\/p>\n<table>\n<tbody>\n<tr>\n<td width=\"194\">Tip plovila:<\/td>\n<td width=\"194\">RIB<\/td>\n<\/tr>\n<tr>\n<td width=\"194\">Model:<\/td>\n<td width=\"194\">Barracuda 590<\/td>\n<\/tr>\n<tr>\n<td width=\"194\">Du\u017eina plovila:<\/td>\n<td width=\"194\">5,90 m<\/td>\n<\/tr>\n<tr>\n<td width=\"194\">Motor:<\/td>\n<td width=\"194\">Yamaha 150ks<\/td>\n<\/tr>\n<tr>\n<td width=\"194\">Najve\u0107a brzina:<\/td>\n<td width=\"194\">45Nm<\/td>\n<\/tr>\n<tr>\n<td width=\"194\">Putna brzina:<\/td>\n<td width=\"194\">20Nm<\/td>\n<\/tr>\n<tr>\n<td width=\"194\">Potro\u0161nja:<\/td>\n<td width=\"194\">5-20l\/h<\/td>\n<\/tr>\n<tr>\n<td>Spremnik goriva:<\/td>\n<td>140lit<\/td>\n<\/tr>\n<tr>\n<td>Spremnik vode:<\/td>\n<td>55lit<\/td>\n<\/tr>\n<tr>\n<td>Ljudi:<\/td>\n<td>1-8<\/td>\n<\/tr>\n<\/tbody>\n<\/table>\n","protected":false},"excerpt":{"rendered":"<p>Gumenjak renomiranog hrvatskog proizvo\u0111a\u010da ima i novog predstavnika. Ovaj gumenjak, atraktivnog izgleda pru\u017ea osje\u0107aj ugodnosti te sigurnosti. Prostrana pram\u010dana\/ sun\u010dali\u0161ta\u00a0platforma\u00a0biti \u0107e omiljena ne samo me\u0111u odraslima ve\u0107 i djecom.<\/p>\n<p>Motor Yamaha od 150 ks, zasigurno te pru\u017eiti mogu\u0107nost istra\u017eivanja obli\u017enjih otoka i prekrasne obale.<\/p>\n<p>Od opreme treba napomenuti da plovilo ima\u00a0GPS ploter (Simrad), radio sa bluetooth-om, el. Winch, veliku bimini tendu, tu\u0161, stepenice\u00a0za lak\u0161i prilaz moru.<\/p>\n","protected":false},"featured_media":1970,"template":"","meta":{"_acf_changed":false},"product_brand":[],"product_cat":[37],"product_tag":[48],"class_list":{"0":"post-1073","1":"product","2":"type-product","3":"status-publish","4":"has-post-thumbnail","6":"product_cat-booking-hr","7":"product_tag-barracuda-590-hr","9":"first","10":"instock","11":"virtual","12":"taxable","13":"product-type-simple"},"acf":[],"gallery_images":[994,988,987,990,1826,1838,1835,1832,1829,1970],"_links":{"self":[{"href":"https:\/\/adriafun.hr\/hr\/wp-json\/wp\/v2\/product\/1073","targetHints":{"allow":["GET"]}}],"collection":[{"href":"https:\/\/adriafun.hr\/hr\/wp-json\/wp\/v2\/product"}],"about":[{"href":"https:\/\/adriafun.hr\/hr\/wp-json\/wp\/v2\/types\/product"}],"version-history":[{"count":7,"href":"https:\/\/adriafun.hr\/hr\/wp-json\/wp\/v2\/product\/1073\/revisions"}],"predecessor-version":[{"id":1849,"href":"https:\/\/adriafun.hr\/hr\/wp-json\/wp\/v2\/product\/1073\/revisions\/1849"}],"wp:featuredmedia":[{"embeddable":true,"href":"https:\/\/adriafun.hr\/hr\/wp-json\/wp\/v2\/media\/1970"}],"wp:attachment":[{"href":"https:\/\/adriafun.hr\/hr\/wp-json\/wp\/v2\/media?parent=1073"}],"wp:term":[{"taxonomy":"product_brand","embeddable":true,"href":"https:\/\/adriafun.hr\/hr\/wp-json\/wp\/v2\/product_brand?post=1073"},{"taxonomy":"product_cat","embeddable":true,"href":"https:\/\/adriafun.hr\/hr\/wp-json\/wp\/v2\/product_cat?post=1073"},{"taxonomy":"product_tag","embeddable":true,"href":"https:\/\/adriafun.hr\/hr\/wp-json\/wp\/v2\/product_tag?post=1073"}],"curies":[{"name":"wp","href":"https:\/\/api.w.org\/{rel}","templated":true}]}}