{"id":1014,"date":"2022-07-11T13:48:10","date_gmt":"2022-07-11T11:48:10","guid":{"rendered":"https:\/\/adriafun.hr\/uvjeti-najma\/"},"modified":"2022-07-13T14:55:19","modified_gmt":"2022-07-13T12:55:19","slug":"uvjeti-najma","status":"publish","type":"page","link":"https:\/\/adriafun.hr\/hr\/uvjeti-najma\/","title":{"rendered":"Uvjeti najma"},"content":{"rendered":"<ol>\n<li>Najam uklju\u010duje uporabu plovila, osiguranje plovila i propisanu opremu. U najam nisu uklju\u010deni tro\u0161kovi goriva i naknade za luke koje Najmoprimatelj pla\u0107a sam.<\/li>\n<li>Najmoprimatelj izjavljuje da posjeduje potrebna pomorska i navigacijska znanja za upravljanje unajmljenim plovilom te svim potrebnim dozvolama i dokumentacijom radi upravljanjem vozilom koje je predmet najma.<\/li>\n<li>Najmoprimatelj prima plovilo u najam u ispravnom stanju, u potpunosti opremljenu za plovidbu. Eventualne zamjerke i\/ili nedostatke najmoprimatelj treba navesti odmah u zapisnik prilikom primopredaje.<\/li>\n<li>Najmoprimatelj je du\u017ean plovilo vratiti u ugovoreno vrijeme, najkasnije do 19:00 sati, sa opremom i punim spremnikom goriva. U slu\u010daju ka\u0161njenja du\u017ean je platiti naknadu \u0161tete najmodavatelju prema cjeniku Najmodavatelja i gorivo u slu\u010daju da spremnik nije pun.<\/li>\n<li>Najmoprimatelj se obavezuje; ne davati plovilo u podnajam, ne prevoziti nedozvoljen broj osoba, ne tegliti druga plovila (osim u slu\u010daju ve\u0107e opasnosti sukladno pomorskim pravilima), na plovilu se kretati u odgovaraju\u0107oj obu\u0107i ili bos. Ne davati polovilo na upravljanje osobama koje za to nisu osposobljene i nemaju potreba odobrenja i dokumentaciju. U slu\u010daju kr\u0161enja ovih odredbi Najmoprimatelj odgovara za naknadu \u0161tete Najmodavatelju. U slu\u010daju nezgode ili pomorske nesre\u0107e, najmoprimatelj odgovara za sve osobe koje su se nalazile na brodu, brod i opremu broda kao i za eventualnu \u0161tetu nastalu tre\u0107im osobama. Ako najmoprimatelj povjeri plovilo na upravljanje drugoj osobi solidarno sa tom osobom za svu eventualnu nastalu \u0161tetu.<\/li>\n<li>Najmoprimatelj je du\u017ean plovilo koristiti na podru\u010dju do 3 Nm (tri nauti\u010dke milje) od obale i otoka.<\/li>\n<li>Najmoprimatelj ne smije plovilom napu\u0161tati hrvatske teritorijalne vode. Najmoprimatelj potvr\u0111uje da je upoznat sa podru\u010djem hrvatskih teritorijalnih voda.<\/li>\n<li>Prilikom primopredaje plovila eventualna \u0161teta \u0107e se naplatiti iz iznosa depozita prema cjeniku Najmodavatelja. U slu\u010daju da najmoprimatelj ne po\u010dini \u0161tetu, po isteku najma depozit se vra\u0107a. \u00a0U slu\u010daju da depozit ne pokriva cijelu nastalu \u0161tetu, najmodavatelj ima pravo od najmoprimatelja potra\u017eivati razliku nastale \u0161tete. Najmoprimatelj potvr\u0111uje da je upoznat da cjenikom Najmodavatelja.<\/li>\n<li>U slu\u010daju da Najmodavatelj ne mo\u017ee isporu\u010diti rezerviranu (ili zamjensku) brodicu u ugovorenom terminu u roku od 24 sata vratit \u0107e novac od rezervacije te se Najmoprimatelj izri\u010dito odri\u010de bilo kakvih drugih potra\u017eivanja prema Najmodavatelju.<\/li>\n<li>Najmoprimatelj daje Najmodavatelju privolu radi obrade osobnih podataka radi potreba izvr\u0161enja usluge iz ovog Ugovora. Najmodavatelj \u0107e navedene podatke koristiti u skladu sa Uredbom EU broj 2016\/679 o za\u0161titi pojedinaca u vezi s obradom osobnih podataka i o slobodnom kretanju takvih podataka (Op\u0107e uredbe o za\u0161titi osobnih podataka) te \u0107e navedene podatke koristiti isklju\u010divo radi izvr\u0161enja usluga iz Ugovora.<\/li>\n<li>Za sva pitanja koja nisu regulirana ovim Ugovorom, primjenjuje se Pomorski zakonik Republike Hrvatske, Zakon o obveznim odnosima Republike Hrvatske te ostali pozitivni pravni propisi Republike Hrvatske. U slu\u010daju bilo kakvog spora nadle\u017ean je Op\u0107inski sud u Crikvenici i primjena hrvatskog prava kao mjerodavna.<\/li>\n<li>U slu\u010daju jednostranog odustanka od Ugovora Najmoprimatelj je du\u017ean platiti odgovaraju\u0107i dio najamnine i to: do 30 dana prije po\u010detka najma 70 %; manje od 15 dana 100 % najamnine.<\/li>\n<li>U slu\u010daju da se Najmoprimatelj ne pridr\u017eava gore navedenih obaveza, Najmodavatelj ima pravo raskinuti ugovor i zadr\u017eati primljenu najamninu.<\/li>\n<li>Najmoprimatelj potvr\u0111uje da je pro\u010ditao sve odredbe ovog Ugovora, da je suglasan s njime te da ga vlastoru\u010dno potpisuje.<\/li>\n<li>Ovaj Ugovor je napravljen na hrvatskom jeziku i engleskom jeziku. U slu\u010daju razli\u010ditog tuma\u010denja neke odredbe na hrvatskom jeziku i iste takve odredbe na engleskom jeziku, prednost ima odredba na hrvatskom jeziku.<\/li>\n<\/ol>\n<p>&nbsp;<\/p>\n<a href=\"https:\/\/adriafun.hr\/wp-content\/uploads\/2022\/07\/Boat-Rental-Contract.pdf\" class=\"pdfemb-viewer\" style=\"\" data-width=\"max\" data-height=\"max\" data-toolbar=\"bottom\" data-toolbar-fixed=\"off\">Boat Rental Contract<\/a>\n","protected":false},"excerpt":{"rendered":"<p>Najam uklju\u010duje uporabu plovila, osiguranje plovila i propisanu opremu. U najam nisu uklju\u010deni tro\u0161kovi goriva i naknade za luke koje Najmoprimatelj pla\u0107a sam. Najmoprimatelj izjavljuje da posjeduje potrebna pomorska i navigacijska znanja za upravljanje unajmljenim plovilom te svim potrebnim dozvolama i dokumentacijom radi upravljanjem vozilom koje je predmet najma. Najmoprimatelj prima plovilo u najam u [&hellip;]<\/p>\n","protected":false},"author":2,"featured_media":0,"parent":0,"menu_order":0,"comment_status":"closed","ping_status":"closed","template":"","meta":{"_acf_changed":false,"footnotes":""},"class_list":["post-1014","page","type-page","status-publish","hentry"],"acf":[],"_links":{"self":[{"href":"https:\/\/adriafun.hr\/hr\/wp-json\/wp\/v2\/pages\/1014","targetHints":{"allow":["GET"]}}],"collection":[{"href":"https:\/\/adriafun.hr\/hr\/wp-json\/wp\/v2\/pages"}],"about":[{"href":"https:\/\/adriafun.hr\/hr\/wp-json\/wp\/v2\/types\/page"}],"author":[{"embeddable":true,"href":"https:\/\/adriafun.hr\/hr\/wp-json\/wp\/v2\/users\/2"}],"replies":[{"embeddable":true,"href":"https:\/\/adriafun.hr\/hr\/wp-json\/wp\/v2\/comments?post=1014"}],"version-history":[{"count":1,"href":"https:\/\/adriafun.hr\/hr\/wp-json\/wp\/v2\/pages\/1014\/revisions"}],"predecessor-version":[{"id":1035,"href":"https:\/\/adriafun.hr\/hr\/wp-json\/wp\/v2\/pages\/1014\/revisions\/1035"}],"wp:attachment":[{"href":"https:\/\/adriafun.hr\/hr\/wp-json\/wp\/v2\/media?parent=1014"}],"curies":[{"name":"wp","href":"https:\/\/api.w.org\/{rel}","templated":true}]}}