{"id":1013,"date":"2022-07-01T12:50:28","date_gmt":"2022-07-01T10:50:28","guid":{"rendered":"https:\/\/adriafun.hr\/o-nama\/"},"modified":"2023-05-23T10:13:28","modified_gmt":"2023-05-23T08:13:28","slug":"o-nama","status":"publish","type":"page","link":"https:\/\/adriafun.hr\/hr\/o-nama\/","title":{"rendered":"O nama"},"content":{"rendered":"<p>Adria fun je tvrtka za iznajmljivanje plovila, smje\u0161tena u samom centru Crikvenice. Na\u0161 tim se ve\u0107 7 godina uspje\u0161no bavi iznajmljivanjem brodova u Dalmaciji te smo odlu\u010dili tu kvalitetu prenijeti i na Kvarner. U ponudi imamo nove brze brodove (RIB) koji su opremljeni sa najboljom opremom te vrhunskim motorima. Na\u0161a misija je da svaki gost maksimalno u\u017eiva u svojem brodu, da bude zadovoljan te da se ponovno vrati kod nas. To govori i \u010dinjenica da iza sebe imamo mnogo redovnih i dugogodi\u0161njih gostiju.<br \/>\nOsim dnevnog, nudimo mogu\u0107nost vi\u0161ednevnog ili tjednog najma te najma sa skiperom koji poznaje sve blagodati kvarnerskog arhipelaga. Prave ljepote kvarnerskog arhipelaga nemogu\u0107e je otkriti i do\u017eivjeti bez plovila, stoga nam se obratite s povjerenjem i pru\u017eiti \u0107emo Vam sve informacije vezane za zadivljuju\u0107e lokacije koje morate posjetiti!<br \/>\nPotra\u017eite nas <a href=\"https:\/\/goo.gl\/maps\/gMvqywtKWXthpjHJ6\" target=\"_blank\" rel=\"noopener\">u luci Crikvenica<\/a> ili nas kontaktirajte putem e-mail adrese! Radujemo se va\u0161em dolasku!<\/p>\n","protected":false},"excerpt":{"rendered":"<p>Adria fun je tvrtka za iznajmljivanje plovila, smje\u0161tena u samom centru Crikvenice. Na\u0161 tim se ve\u0107 7 godina uspje\u0161no bavi iznajmljivanjem brodova u Dalmaciji te smo odlu\u010dili tu kvalitetu prenijeti i na Kvarner. U ponudi imamo nove brze brodove (RIB) koji su opremljeni sa najboljom opremom te vrhunskim motorima. Na\u0161a misija je da svaki gost [&hellip;]<\/p>\n","protected":false},"author":2,"featured_media":0,"parent":0,"menu_order":0,"comment_status":"closed","ping_status":"closed","template":"","meta":{"_acf_changed":false,"footnotes":""},"class_list":["post-1013","page","type-page","status-publish","hentry"],"acf":[],"_links":{"self":[{"href":"https:\/\/adriafun.hr\/hr\/wp-json\/wp\/v2\/pages\/1013","targetHints":{"allow":["GET"]}}],"collection":[{"href":"https:\/\/adriafun.hr\/hr\/wp-json\/wp\/v2\/pages"}],"about":[{"href":"https:\/\/adriafun.hr\/hr\/wp-json\/wp\/v2\/types\/page"}],"author":[{"embeddable":true,"href":"https:\/\/adriafun.hr\/hr\/wp-json\/wp\/v2\/users\/2"}],"replies":[{"embeddable":true,"href":"https:\/\/adriafun.hr\/hr\/wp-json\/wp\/v2\/comments?post=1013"}],"version-history":[{"count":3,"href":"https:\/\/adriafun.hr\/hr\/wp-json\/wp\/v2\/pages\/1013\/revisions"}],"predecessor-version":[{"id":1090,"href":"https:\/\/adriafun.hr\/hr\/wp-json\/wp\/v2\/pages\/1013\/revisions\/1090"}],"wp:attachment":[{"href":"https:\/\/adriafun.hr\/hr\/wp-json\/wp\/v2\/media?parent=1013"}],"curies":[{"name":"wp","href":"https:\/\/api.w.org\/{rel}","templated":true}]}}