{"id":1752,"date":"2024-07-11T15:31:40","date_gmt":"2024-07-11T13:31:40","guid":{"rendered":"https:\/\/novi.adriafun.hr\/?post_type=product&#038;p=1752"},"modified":"2024-07-12T08:31:58","modified_gmt":"2024-07-12T06:31:58","slug":"barracuda-590-copy","status":"publish","type":"product","link":"https:\/\/adriafun.hr\/de\/produkt\/barracuda-590-copy\/","title":{"rendered":"Barracuda 530"},"content":{"rendered":"<table>\n<tbody>\n<tr>\n<td width=\"190\">Bootsart:<\/td>\n<td width=\"194\">aufblasbares RIB<\/td>\n<\/tr>\n<tr>\n<td width=\"190\">Modell:<\/td>\n<td width=\"194\">Barracuda 530<\/td>\n<\/tr>\n<tr>\n<td width=\"190\">L\u00e4nge:<\/td>\n<td width=\"194\">5,30 m<\/td>\n<\/tr>\n<tr>\n<td width=\"190\">Motor:<\/td>\n<td width=\"194\">Yamaha 150 PS<\/td>\n<\/tr>\n<tr>\n<td width=\"190\">Max. Geschwindigkeit:<\/td>\n<td width=\"194\">45 Nm<\/td>\n<\/tr>\n<tr>\n<td width=\"190\">Reisegeschwindigkeit:<\/td>\n<td width=\"194\">20 Nm<\/td>\n<\/tr>\n<tr>\n<td width=\"190\">Verbrauch:<\/td>\n<td width=\"194\">5-15 l\/h<\/td>\n<\/tr>\n<tr>\n<td width=\"190\">Kraftstofftank:<\/td>\n<td width=\"194\">90 Liter<\/td>\n<\/tr>\n<tr>\n<td width=\"190\">Wassertank:<\/td>\n<td width=\"194\">55 Liter<\/td>\n<\/tr>\n<tr>\n<td width=\"190\">Personen:<\/td>\n<td>1-5<\/td>\n<\/tr>\n<tr>\n<td width=\"190\">Baujahr:<\/td>\n<td>2023<\/td>\n<\/tr>\n<\/tbody>\n<\/table>\n","protected":false},"excerpt":{"rendered":"<p>Das Schlauchboot des renommierten kroatischen Herstellers hat einen neuen Vertreter. Das Boot mit seinem attraktiven Erscheinungsbild vermittelt ein Gef\u00fchl von Komfort und Sicherheit. Die ger\u00e4umige Sonnenliegeplattform im Bug wird nicht nur bei Erwachsenen, sondern auch bei Kindern beliebt sein.<\/p>\n<p>Der 150 PS starke Yamaha-Motor bietet sicherlich die M\u00f6glichkeit, nahegelegene Inseln und die wundersch\u00f6ne K\u00fcste zu erkunden.<\/p>\n<p>Was die Ausstattung betrifft, ist anzumerken, dass das Boot \u00fcber einen GPS-Plotter (Simrad), ein Radio mit Bluetooth, eine elektrische Winde, ein gro\u00dfes Bimini-Sonnensegel, eine Dusche und Treppen f\u00fcr einen einfacheren Zugang zum Meer verf\u00fcgt.<\/p>\n","protected":false},"featured_media":1950,"template":"","meta":{"_acf_changed":false},"product_brand":[],"product_cat":[49],"product_tag":[60],"class_list":{"0":"post-1752","1":"product","2":"type-product","3":"status-publish","4":"has-post-thumbnail","6":"product_cat-booking-de","7":"product_tag-barracuda-530-de","9":"first","10":"instock","11":"virtual","12":"taxable","13":"product-type-simple"},"acf":[],"gallery_images":[1947,1950,1953,1956,1959,1962,1965,1968],"_links":{"self":[{"href":"https:\/\/adriafun.hr\/de\/wp-json\/wp\/v2\/product\/1752","targetHints":{"allow":["GET"]}}],"collection":[{"href":"https:\/\/adriafun.hr\/de\/wp-json\/wp\/v2\/product"}],"about":[{"href":"https:\/\/adriafun.hr\/de\/wp-json\/wp\/v2\/types\/product"}],"version-history":[{"count":2,"href":"https:\/\/adriafun.hr\/de\/wp-json\/wp\/v2\/product\/1752\/revisions"}],"predecessor-version":[{"id":1854,"href":"https:\/\/adriafun.hr\/de\/wp-json\/wp\/v2\/product\/1752\/revisions\/1854"}],"wp:featuredmedia":[{"embeddable":true,"href":"https:\/\/adriafun.hr\/de\/wp-json\/wp\/v2\/media\/1950"}],"wp:attachment":[{"href":"https:\/\/adriafun.hr\/de\/wp-json\/wp\/v2\/media?parent=1752"}],"wp:term":[{"taxonomy":"product_brand","embeddable":true,"href":"https:\/\/adriafun.hr\/de\/wp-json\/wp\/v2\/product_brand?post=1752"},{"taxonomy":"product_cat","embeddable":true,"href":"https:\/\/adriafun.hr\/de\/wp-json\/wp\/v2\/product_cat?post=1752"},{"taxonomy":"product_tag","embeddable":true,"href":"https:\/\/adriafun.hr\/de\/wp-json\/wp\/v2\/product_tag?post=1752"}],"curies":[{"name":"wp","href":"https:\/\/api.w.org\/{rel}","templated":true}]}}