{"id":1556,"date":"2024-07-11T11:11:18","date_gmt":"2024-07-11T09:11:18","guid":{"rendered":"https:\/\/novi.adriafun.hr\/?post_type=product&#038;p=1556"},"modified":"2024-07-12T08:32:10","modified_gmt":"2024-07-12T06:32:10","slug":"barracuda-590-copy-2","status":"publish","type":"product","link":"https:\/\/adriafun.hr\/de\/produkt\/barracuda-590-copy-2\/","title":{"rendered":"Jeanneau Merry Fisher 895"},"content":{"rendered":"<table>\n<tbody>\n<tr>\n<td width=\"190\">Bootstyp:<\/td>\n<td width=\"194\">Motorboat<\/td>\n<\/tr>\n<tr>\n<td width=\"190\">Modell:<\/td>\n<td width=\"194\">Jeanneau Merry Fisher 895<\/td>\n<\/tr>\n<tr>\n<td width=\"190\">L\u00e4nge:<\/td>\n<td width=\"194\">8.9M \/ 29.2\u00a8FT<\/td>\n<\/tr>\n<tr>\n<td width=\"190\">Motoren:<\/td>\n<td width=\"194\">2X175HP\/126KW<\/td>\n<\/tr>\n<tr>\n<td width=\"190\">Verbrauch:<\/td>\n<td width=\"194\">5-20l\/h<\/td>\n<\/tr>\n<tr>\n<td width=\"190\">Treibstoffkapazit\u00e4t:<\/td>\n<td width=\"194\">2 X 200L<\/td>\n<\/tr>\n<tr>\n<td width=\"190\">Wasserkapazit\u00e4t:<\/td>\n<td width=\"194\">160L<\/td>\n<\/tr>\n<tr>\n<td width=\"190\">Kabinen:<\/td>\n<td width=\"194\">2<\/td>\n<\/tr>\n<tr>\n<td width=\"190\">Toiletten:<\/td>\n<td width=\"194\">1<\/td>\n<\/tr>\n<tr>\n<td width=\"190\">Duschen:<\/td>\n<td width=\"194\">2<\/td>\n<\/tr>\n<tr>\n<td width=\"190\">Kategorie:<\/td>\n<td width=\"194\">B<\/td>\n<\/tr>\n<tr>\n<td width=\"190\">Schwarzwasser:<\/td>\n<td width=\"194\">Tank<\/td>\n<\/tr>\n<tr>\n<td width=\"190\">Personen:<\/td>\n<td>1-8<\/td>\n<\/tr>\n<tr>\n<td width=\"190\">Baujahr:<\/td>\n<td>2022<\/td>\n<\/tr>\n<\/tbody>\n<\/table>\n<p>&nbsp;<\/p>\n<p>NAVIGATION UND SICHERHEIT<\/p>\n<ul>\n<li>GPS \/ Plotter<\/li>\n<li>Fish Finder \/ Sonar<\/li>\n<li>Bugstrahlruder<\/li>\n<li>Dachreflektor<\/li>\n<li>Bimini \/ Sonnenschirme<\/li>\n<\/ul>\n<p>&nbsp;<\/p>\n<p>SALON UND KABINEN<\/p>\n<ul>\n<li>Klimaanlage \/ Heizung<\/li>\n<li>Gaskocher<\/li>\n<li>K\u00fchlschrank<\/li>\n<li>K\u00fcchenutensilien<\/li>\n<li>Sp\u00fcle<\/li>\n<li>Dusche<\/li>\n<li>Au\u00dfendusche<\/li>\n<li>Kissen und Decken<\/li>\n<li>Handt\u00fccher<\/li>\n<\/ul>\n<p>&nbsp;<\/p>\n<p>UNTERHALTUNG<\/p>\n<ul>\n<li>Flachbildfernseher<\/li>\n<li>Audiosystem<\/li>\n<li>Innen- \/ Au\u00dfenlautsprecher<\/li>\n<li>Sonnenpolster<\/li>\n<\/ul>\n","protected":false},"excerpt":{"rendered":"<p>Die Merry Fisher 895 beh\u00e4lt viele Elemente der vorherigen Modelle bei, einschlie\u00dflich des gro\u00dfen hinteren Schiebet\u00fcreingangs und des ger\u00e4umigen Innenraums. Gleichzeitig f\u00fcgt sie eine neue Ebene der Funktionalit\u00e4t in einem eleganten und modernen Design hinzu. Die 895 bietet zwei unabh\u00e4ngige, vollst\u00e4ndig geschlossene Kabinen mit leichtem Zugang und gro\u00dfartiger Aussicht. Das Boot verf\u00fcgt auch \u00fcber Duscheinrichtungen und ein Badezimmer mit warmem Wasser, eine K\u00fcche und ein gro\u00dfes offenes Cockpit. Die Jeanneau Merry Fisher 895 ist ein sehr f\u00e4higes Tagesboot und eine Angelplattform, hat aber auch genug Klasse, um bei l\u00e4ngeren Aufenthalten an Bord zu \u00fcberzeugen. Die Merry Fisher 895 bietet ein unvergleichlich helles Interieur, mit breiten Fenstern in der Steuerstation und vielen Annehmlichkeiten an Bord. Das auff\u00e4llige Design sowie die bemerkenswerten Leistungen machen das Boot perfekt f\u00fcr diejenigen, die einen Kreuzer suchen, der gleichzeitig ein Gef\u00fchl von Komfort und Sicherheit bietet.<\/p>\n","protected":false},"featured_media":1588,"template":"","meta":{"_acf_changed":false},"product_brand":[],"product_cat":[49],"product_tag":[58],"class_list":{"0":"post-1556","1":"product","2":"type-product","3":"status-publish","4":"has-post-thumbnail","6":"product_cat-booking-de","7":"product_tag-jeanneau-merry-fisher-895-de","9":"first","10":"instock","11":"virtual","12":"taxable","13":"product-type-simple"},"acf":[],"gallery_images":[1561,1564,1567,1570,1573,1576,1579,1582,1585,1588],"_links":{"self":[{"href":"https:\/\/adriafun.hr\/de\/wp-json\/wp\/v2\/product\/1556","targetHints":{"allow":["GET"]}}],"collection":[{"href":"https:\/\/adriafun.hr\/de\/wp-json\/wp\/v2\/product"}],"about":[{"href":"https:\/\/adriafun.hr\/de\/wp-json\/wp\/v2\/types\/product"}],"version-history":[{"count":2,"href":"https:\/\/adriafun.hr\/de\/wp-json\/wp\/v2\/product\/1556\/revisions"}],"predecessor-version":[{"id":1879,"href":"https:\/\/adriafun.hr\/de\/wp-json\/wp\/v2\/product\/1556\/revisions\/1879"}],"wp:featuredmedia":[{"embeddable":true,"href":"https:\/\/adriafun.hr\/de\/wp-json\/wp\/v2\/media\/1588"}],"wp:attachment":[{"href":"https:\/\/adriafun.hr\/de\/wp-json\/wp\/v2\/media?parent=1556"}],"wp:term":[{"taxonomy":"product_brand","embeddable":true,"href":"https:\/\/adriafun.hr\/de\/wp-json\/wp\/v2\/product_brand?post=1556"},{"taxonomy":"product_cat","embeddable":true,"href":"https:\/\/adriafun.hr\/de\/wp-json\/wp\/v2\/product_cat?post=1556"},{"taxonomy":"product_tag","embeddable":true,"href":"https:\/\/adriafun.hr\/de\/wp-json\/wp\/v2\/product_tag?post=1556"}],"curies":[{"name":"wp","href":"https:\/\/api.w.org\/{rel}","templated":true}]}}