{"id":1337,"date":"2022-07-11T13:48:10","date_gmt":"2022-07-11T11:48:10","guid":{"rendered":"https:\/\/adriafun.hr\/bootsverleih-bedingungen-und-konditionen\/"},"modified":"2022-07-11T13:48:10","modified_gmt":"2022-07-11T11:48:10","slug":"bootsverleih-bedingungen-und-konditionen","status":"publish","type":"page","link":"https:\/\/adriafun.hr\/de\/bootsverleih-bedingungen-und-konditionen\/","title":{"rendered":"Bootsverleih Bedingungen und Konditionen"},"content":{"rendered":"<ol>\n<li>Die Vermietung umfasst die Nutzung des Bootes, die Versicherung des Bootes und die vorgeschriebene Ausr\u00fcstung. Die Miete beinhaltet keine Treibstoffkosten und Hafengeb\u00fchren, die der Mieter selbst bezahlt.<\/li>\n<li>Der Mieter erkl\u00e4rt, dass er \u00fcber das erforderliche maritime und navigationsbezogene Wissen verf\u00fcgt, um das gecharterte Boot zu bedienen, sowie \u00fcber alle erforderlichen Genehmigungen und Dokumente f\u00fcr den Betrieb des geleasten Fahrzeugs.<\/li>\n<li>Der Mieter akzeptiert das Boot in gutem Zustand zur Vermietung, vollst\u00e4ndig ausger\u00fcstet zum Segeln. Etwaige Einw\u00e4nde und\/oder M\u00e4ngel des Mieters sollten unverz\u00fcglich bei der \u00dcbergabe protokolliert werden.<\/li>\n<li>Der Mieter ist verpflichtet, das Boot zum vereinbarten Zeitpunkt, sp\u00e4testens um 19:00 Uhr, mit voller Ausr\u00fcstung und vollem Tank zur\u00fcckzugeben. Im Falle einer Verz\u00f6gerung ist er verpflichtet, dem Vermieter gem\u00e4\u00df der Preisliste des Vermieters eine Entsch\u00e4digung zu zahlen und im Falle eines nicht vollen Tanks auch f\u00fcr den Treibstoff aufzukommen.<\/li>\n<li>Der Mieter verpflichtet sich: das Boot nicht unterzuvermieten, keine illegale Anzahl von Personen zu transportieren, keine anderen Boote zu schleppen (au\u00dfer im Falle einer gr\u00f6\u00dferen Gefahr gem\u00e4\u00df den maritimen Regeln), sich auf dem Boot mit geeignetem Schuhwerk oder barfu\u00df zu bewegen, das Boot nicht Personen anzuvertrauen, die nicht qualifiziert daf\u00fcr sind und nicht \u00fcber die erforderlichen Genehmigungen und Dokumente verf\u00fcgen. Bei Versto\u00df gegen diese Bestimmungen haftet der Mieter f\u00fcr Sch\u00e4den gegen\u00fcber dem Vermieter. Im Falle eines Unfalls oder maritimen Ungl\u00fccks haftet der Mieter f\u00fcr alle Personen an Bord, das Schiff und die Schiffsausr\u00fcstung sowie f\u00fcr jeglichen Schaden, der Dritten verursacht wird. Wenn der Mieter das Boot einer anderen Person anvertraut, haftet er solidarisch mit dieser Person f\u00fcr jeglichen entstandenen Schaden.<\/li>\n<li>Der Mieter ist verpflichtet, das Boot in einem Bereich bis zu 3 Seemeilen (drei nautische Meilen) von der K\u00fcste und den Inseln zu nutzen.<\/li>\n<li>Der Mieter darf die kroatischen Hoheitsgew\u00e4sser nicht mit dem Boot verlassen. Der Mieter best\u00e4tigt, dass er mit dem Gebiet der kroatischen Hoheitsgew\u00e4sser vertraut ist.<\/li>\n<li>Bei \u00dcbergabe des Bootes werden etwaige Sch\u00e4den gem\u00e4\u00df der Preisliste des Vermieters von der Kaution abgezogen. Falls der Mieter keinen Schaden verursacht, wird die Kaution bei Ablauf der Mietdauer zur\u00fcckerstattet. Falls die Kaution nicht den gesamten Schaden deckt, hat der Vermieter das Recht, vom Mieter den Differenzbetrag in Bezug auf den Schaden einzufordern. Der Mieter best\u00e4tigt, dass er sich \u00fcber die Preisliste des Vermieters im Klaren ist.<\/li>\n<li>Falls der Vermieter nicht in der Lage ist, das gebuchte (oder Ersatz-) Boot innerhalb von 24 Stunden zum vereinbarten Zeitpunkt zu liefern, wird das Geld aus der Reservierung erstattet und der Mieter verzichtet ausdr\u00fccklich auf weitere Anspr\u00fcche gegen\u00fcber dem Vermieter.<\/li>\n<li>Der Mieter erteilt dem Vermieter seine Zustimmung zur Verarbeitung personenbezogener Daten zum Zweck der Durchf\u00fchrung der Dienstleistung gem\u00e4\u00df diesem Vertrag. Der Vermieter wird diese Daten gem\u00e4\u00df der EU-Verordnung Nr. 2016\/679 zum Schutz nat\u00fcrlicher Personen bei der Verarbeitung personenbezogener Daten und zum freien Datenverkehr (Allgemeine Datenschutzverordnung) verwenden und ausschlie\u00dflich zur Durchf\u00fchrung der Dienstleistungen gem\u00e4\u00df dem Vertrag nutzen.<\/li>\n<li>F\u00fcr alle Angelegenheiten, die nicht durch diesen Vertrag geregelt sind, gelten das Seerecht der Republik Kroatien, das Obligationenrecht der Republik Kroatien und andere positive Rechtsvorschriften der Republik Kroatien. Im Falle eines Streits ist das Amtsgericht in Crikvenica zust\u00e4ndig, und kroatisches Recht gilt als ma\u00dfgeblich.<\/li>\n<li>Im Falle eines einseitigen R\u00fccktritts vom Vertrag ist der Mieter verpflichtet, den entsprechenden Teil der Miete zu zahlen, wie folgt: Bis zu 30 Tage vor Beginn der Vermietung 70%; weniger als 15 Tage 100% der Miete.<\/li>\n<li>Falls der Mieter seinen oben genannten Verpflichtungen nicht nachkommt, hat der Vermieter das Recht, den Vertrag zu k\u00fcndigen und die bereits erhaltenen Mietzahlungen einzubehalten.<\/li>\n<li>Der Mieter best\u00e4tigt, dass er alle Bestimmungen dieses Vertrags gelesen hat, damit einverstanden ist und ihn eigenh\u00e4ndig unterschreibt.<\/li>\n<li>Dieser Vertrag wird in kroatischer und englischer Sprache abgefasst. Im Falle einer unterschiedlichen Auslegung einer Bestimmung in kroatischer und englischer Sprache hat die Bestimmung in kroatischer Sprache Vorrang.<\/li>\n<\/ol>\n<p>&nbsp;<\/p>\n<a href=\"https:\/\/adriafun.hr\/wp-content\/uploads\/2022\/07\/Boat-Rental-Contract.pdf\" class=\"pdfemb-viewer\" style=\"\" data-width=\"max\" data-height=\"max\" data-toolbar=\"bottom\" data-toolbar-fixed=\"off\">Boat Rental Contract<\/a>\n","protected":false},"excerpt":{"rendered":"<p>Die Vermietung umfasst die Nutzung des Bootes, die Versicherung des Bootes und die vorgeschriebene Ausr\u00fcstung. Die Miete beinhaltet keine Treibstoffkosten und Hafengeb\u00fchren, die der Mieter selbst bezahlt. Der Mieter erkl\u00e4rt, dass er \u00fcber das erforderliche maritime und navigationsbezogene Wissen verf\u00fcgt, um das gecharterte Boot zu bedienen, sowie \u00fcber alle erforderlichen Genehmigungen und Dokumente f\u00fcr den [&hellip;]<\/p>\n","protected":false},"author":2,"featured_media":0,"parent":0,"menu_order":0,"comment_status":"closed","ping_status":"closed","template":"","meta":{"_acf_changed":false,"footnotes":""},"class_list":["post-1337","page","type-page","status-publish","hentry"],"acf":[],"_links":{"self":[{"href":"https:\/\/adriafun.hr\/de\/wp-json\/wp\/v2\/pages\/1337","targetHints":{"allow":["GET"]}}],"collection":[{"href":"https:\/\/adriafun.hr\/de\/wp-json\/wp\/v2\/pages"}],"about":[{"href":"https:\/\/adriafun.hr\/de\/wp-json\/wp\/v2\/types\/page"}],"author":[{"embeddable":true,"href":"https:\/\/adriafun.hr\/de\/wp-json\/wp\/v2\/users\/2"}],"replies":[{"embeddable":true,"href":"https:\/\/adriafun.hr\/de\/wp-json\/wp\/v2\/comments?post=1337"}],"version-history":[{"count":0,"href":"https:\/\/adriafun.hr\/de\/wp-json\/wp\/v2\/pages\/1337\/revisions"}],"wp:attachment":[{"href":"https:\/\/adriafun.hr\/de\/wp-json\/wp\/v2\/media?parent=1337"}],"curies":[{"name":"wp","href":"https:\/\/api.w.org\/{rel}","templated":true}]}}