{"id":1242,"date":"2022-07-01T12:50:28","date_gmt":"2022-07-01T10:50:28","guid":{"rendered":"https:\/\/adriafun.hr\/ueber-uns\/"},"modified":"2022-07-01T12:50:28","modified_gmt":"2022-07-01T10:50:28","slug":"ueber-uns","status":"publish","type":"page","link":"https:\/\/adriafun.hr\/de\/ueber-uns\/","title":{"rendered":"\u00dcber uns"},"content":{"rendered":"<p>Adria fun ist ein Bootscharterunternehmen, das im Herzen von Crikvenica ans\u00e4ssig ist. Unser Team hat 7 Jahre lang erfolgreich Boote in Dalmatien gechartert und wir haben beschlossen, unsere Qualit\u00e4t auf den Kvarner auszuweiten. Wir bieten neue Schnellboote (RIB) an, die mit der besten Ausr\u00fcstung und Motoren h\u00f6chster Qualit\u00e4t ausgestattet sind. Unser Ziel ist es, dass sich jeder Gast in seinem Boot wohlf\u00fchlt, dass seine Erwartungen erf\u00fcllt werden und dass er zu uns zur\u00fcckkehrt, und diese Mission wird durch die Tatsache best\u00e4tigt, dass wir eine beneidenswerte Anzahl von Stammkunden und Langzeitkunden haben.<br \/>\nNeben t\u00e4glichen Chartern bieten wir auch die M\u00f6glichkeit von Mehrtages- oder Wochencharter, sowie Charter mit einem Skipper, der alle Vorz\u00fcge des Kvarner-Archipels kennt. Es ist unm\u00f6glich, die wahren Sch\u00f6nheiten des Kvarner-Archipels ohne ein Boot zu entdecken und zu erleben. Wenden Sie sich vertrauensvoll an uns und wir werden Ihnen alle Informationen zu den sehenswerten und beeindruckenden Orten geben!<\/p>\n<p>Sie finden uns <a href=\"https:\/\/goo.gl\/maps\/gMvqywtKWXthpjHJ6\" target=\"_blank\" rel=\"noopener\">im Hafen von Crikvenica<\/a> oder kontaktieren Sie uns per E-Mail! Wir freuen uns darauf, Sie willkommen zu hei\u00dfen!<\/p>\n","protected":false},"excerpt":{"rendered":"<p>Adria fun ist ein Bootscharterunternehmen, das im Herzen von Crikvenica ans\u00e4ssig ist. Unser Team hat 7 Jahre lang erfolgreich Boote in Dalmatien gechartert und wir haben beschlossen, unsere Qualit\u00e4t auf den Kvarner auszuweiten. Wir bieten neue Schnellboote (RIB) an, die mit der besten Ausr\u00fcstung und Motoren h\u00f6chster Qualit\u00e4t ausgestattet sind. Unser Ziel ist es, dass [&hellip;]<\/p>\n","protected":false},"author":2,"featured_media":0,"parent":0,"menu_order":0,"comment_status":"closed","ping_status":"closed","template":"","meta":{"_acf_changed":false,"footnotes":""},"class_list":["post-1242","page","type-page","status-publish","hentry"],"acf":[],"_links":{"self":[{"href":"https:\/\/adriafun.hr\/de\/wp-json\/wp\/v2\/pages\/1242","targetHints":{"allow":["GET"]}}],"collection":[{"href":"https:\/\/adriafun.hr\/de\/wp-json\/wp\/v2\/pages"}],"about":[{"href":"https:\/\/adriafun.hr\/de\/wp-json\/wp\/v2\/types\/page"}],"author":[{"embeddable":true,"href":"https:\/\/adriafun.hr\/de\/wp-json\/wp\/v2\/users\/2"}],"replies":[{"embeddable":true,"href":"https:\/\/adriafun.hr\/de\/wp-json\/wp\/v2\/comments?post=1242"}],"version-history":[{"count":0,"href":"https:\/\/adriafun.hr\/de\/wp-json\/wp\/v2\/pages\/1242\/revisions"}],"wp:attachment":[{"href":"https:\/\/adriafun.hr\/de\/wp-json\/wp\/v2\/media?parent=1242"}],"curies":[{"name":"wp","href":"https:\/\/api.w.org\/{rel}","templated":true}]}}